{"id":1160,"date":"2024-03-18T16:04:57","date_gmt":"2024-03-18T16:04:57","guid":{"rendered":"https:\/\/dfc.fr\/?page_id=1160"},"modified":"2024-03-19T08:54:03","modified_gmt":"2024-03-19T08:54:03","slug":"blog","status":"publish","type":"page","link":"https:\/\/dfc.fr\/en\/blog\/","title":{"rendered":"Blog"},"content":{"rendered":"<div data-elementor-type=\"wp-page\" data-elementor-id=\"1160\" class=\"elementor elementor-1160\">\n\t\t\t\t<div class=\"elementor-element elementor-element-7c025d7 e-flex e-con-boxed e-con e-parent\" data-id=\"7c025d7\" data-element_type=\"container\" data-e-type=\"container\" data-settings=\"{&quot;background_background&quot;:&quot;classic&quot;}\">\n\t\t\t\t\t<div class=\"e-con-inner\">\n\t\t<div class=\"elementor-element elementor-element-b4a09f5 e-con-full e-flex e-con e-child\" data-id=\"b4a09f5\" data-element_type=\"container\" data-e-type=\"container\">\n\t\t\t\t<div class=\"elementor-element elementor-element-95fe38b elementor-widget-divider--view-line elementor-widget elementor-widget-divider\" data-id=\"95fe38b\" data-element_type=\"widget\" data-e-type=\"widget\" data-widget_type=\"divider.default\">\n\t\t\t\t<div class=\"elementor-widget-container\">\n\t\t\t\t\t\t\t<div class=\"elementor-divider\">\n\t\t\t<span class=\"elementor-divider-separator\">\n\t\t\t\t\t\t<\/span>\n\t\t<\/div>\n\t\t\t\t\t\t<\/div>\n\t\t\t\t<\/div>\n\t\t\t\t<div class=\"elementor-element elementor-element-6aeb4c9 elementor-widget elementor-widget-heading\" data-id=\"6aeb4c9\" data-element_type=\"widget\" data-e-type=\"widget\" data-widget_type=\"heading.default\">\n\t\t\t\t<div class=\"elementor-widget-container\">\n\t\t\t\t\t<h1 class=\"elementor-heading-title elementor-size-default\">Our Blog<\/h1>\t\t\t\t<\/div>\n\t\t\t\t<\/div>\n\t\t\t\t<\/div>\n\t\t\t\t\t<\/div>\n\t\t\t\t<\/div>\n\t\t<div class=\"elementor-element elementor-element-6586ae9 e-flex e-con-boxed e-con e-parent\" data-id=\"6586ae9\" data-element_type=\"container\" data-e-type=\"container\">\n\t\t\t\t\t<div class=\"e-con-inner\">\n\t\t\t\t<div class=\"elementor-element elementor-element-0f0f3f2 elementor-widget elementor-widget-ucaddon_post_list\" data-id=\"0f0f3f2\" data-element_type=\"widget\" data-e-type=\"widget\" data-widget_type=\"ucaddon_post_list.default\">\n\t\t\t\t<div class=\"elementor-widget-container\">\n\t\t\t\t\t\n<!-- start Post List -->\n\t\t<link id='font-awesome-css' href='https:\/\/dfc.fr\/wp-content\/plugins\/unlimited-elements-for-elementor\/assets_libraries\/font-awesome6\/fontawesome-all.min.css' type='text\/css' rel='stylesheet' >\n\t\t<link id='font-awesome-4-shim-css' href='https:\/\/dfc.fr\/wp-content\/plugins\/unlimited-elements-for-elementor\/assets_libraries\/font-awesome6\/fontawesome-v4-shims.min.css' type='text\/css' rel='stylesheet' >\n\n<style>\/* widget: Post List *\/\n\n\n\n#uc_post_list_elementor_0f0f3f2{\n  display:grid;\n}\n\n#uc_post_list_elementor_0f0f3f2 .uc_post_list_image div{\n  background-size:cover;\n  background-position:center;\n}\n\n.uc_post_list .uc_post_list_box{\n\tposition: relative;\n\toverflow: hidden;\n\tdisplay: flex;\n}\n\n#uc_post_list_elementor_0f0f3f2 .uc_post_list_image{\n  flex-grow:0;\n  flex-shrink:0;\n  overflow: hidden;\n}\n\n#uc_post_list_elementor_0f0f3f2 .uc_post_list_image img{\n  width:100%;\n  height:100%;\n  display:block;\n  transition:0.3s;  \n}\n\n.uc_post_list_title a{\n\tcolor: #333333;\n    display: block;\n}\n\n.uc_post_list_date{\n\tfont-size: 12px;\n}\n\n#uc_post_list_elementor_0f0f3f2 .uc_post_list_content{\n  display:flex;\n  flex-direction:column;\n  flex:1;\n}\n\n#uc_post_list_elementor_0f0f3f2 .uc_more_btn{\n  text-align:center;\n  text-decoration:none;\n  transition:0.3s;\n}\n\n#uc_post_list_elementor_0f0f3f2 .button-on-side{\n  display:flex;\n  align-items:center;\n}\n\n#uc_post_list_elementor_0f0f3f2 .ue-grid-item-category{\n  display: flex;\n  align-items: center;\n}\n\n.ue-grid-item-category a{\n  display:inline-block;\n  font-size:10px;\n  text-transform:uppercase;\n}\n\n#uc_post_list_elementor_0f0f3f2 .ue-meta-data{  \n  display:flex;\n  flex-wrap: wrap;\n  line-height:1em;\n}\n\n#uc_post_list_elementor_0f0f3f2 .ue-grid-item-meta-data{\n      display:inline-flex;\n      align-items:center;\n}\n\n.ue-grid-item-meta-data{\n  font-size:12px;\n}\n\n#uc_post_list_elementor_0f0f3f2 .ue-grid-item-meta-data-icon{\n  line-height:1em;\n}\n\n#uc_post_list_elementor_0f0f3f2 .ue-grid-item-meta-data-icon svg{\n  width:1em;\n  height:1em;\n} \n\n#uc_post_list_elementor_0f0f3f2 .ue-debug-meta{\n  padding:10px;\n  border:1px solid red;\n  position:relative;\n  line-height:1.5em;\n  font-size:11px;\n  width:100%;\n}\n\n.uc-remote-parent .uc_post_list_box{\n\tcursor:pointer;\n}\n\n#uc_post_list_elementor_0f0f3f2 .ue-post-link-overlay{\n  display:block;\n  position:absolute;\n  top:0;\n  bottom:0;\n  right:0;\n  left:0;\n}\n\n\n\n\n<\/style>\n\n<div class=\"uc_post_list uc-items-wrapper\" id=\"uc_post_list_elementor_0f0f3f2\"  >    \t\n  <div class=\"uc_post_list_box\" data-category=\"\u00c9v\u00e9nements\">\n\n  \n  \t    <div class=\"uc_post_list_image\">\n      <a href=\"https:\/\/dfc.fr\/en\/evenements-22-24-mars\/\" target=\"_self\" title=\"Outings in Paris from March 22 to 24\">\n          \n            <img fetchpriority=\"high\" decoding=\"async\" src=\"https:\/\/dfc.fr\/wp-content\/uploads\/2024\/03\/pexels-almada-studio-1307929-768x432.jpg\"  alt=\"Foire du trone\" width=\"768\" height=\"432\">\n        \t\n        \n      <\/a>\n    <\/div>\n  \t\t\n  \n    <div class=\"uc_post_list_content\">\n      <div class=\"uc_post_list_content_inside\">\n        \n                          \n        \t        \t\t        \t        \n        \t<div class=\"ue-grid-item-category\">\n                              <a href=\"https:\/\/dfc.fr\/en\/category\/evenements\/\" target=\"_self\">\u00c9v\u00e9nements<\/a>\n                      \t<\/div>\n        \n                       \n        <div class=\"uc_post_list_title\"><a target=\"_self\" href=\"https:\/\/dfc.fr\/en\/evenements-22-24-mars\/\" title=\"Outings in Paris from March 22 to 24\">Outings in Paris from March 22 to 24<\/a><\/div>                 \n        <div class=\"ue-meta-data\">\n                                               \n            \n          \n                        \n            \n                        \n                        \n            \n              \n          <\/div>         \n                \n         <div class=\"uc_post_content\">Ce week-end du 22 mars \u00e0 Paris s&rsquo;annonce riche en sorties et en \u00e9v\u00e9nements incontournables. Que vous soyez amateur de sensations fortes, passionn\u00e9 de cin\u00e9ma ou m\u00e9lomane,...<\/div>           \n        \n                 \n      <\/div>\n    <\/div>\n     \n       \n  \n         <a target=\"_self\" href=\"https:\/\/dfc.fr\/en\/evenements-22-24-mars\/\" class=\"ue-post-link-overlay\"><\/a>\n   <\/div>\n<div class=\"uc_post_list_box\" data-category=\"H\u00f4tels\">\n\n  \n  \t    <div class=\"uc_post_list_image\">\n      <a href=\"https:\/\/dfc.fr\/en\/hostel-a-paris\/\" target=\"_self\" title=\"Explore hostels in Paris with DFC!\">\n          \n            <img decoding=\"async\" src=\"https:\/\/dfc.fr\/wp-content\/uploads\/2024\/03\/4FE-2-Large-1024x683-1-768x512.jpg\"  alt=\"Hostel Paris : Le Village\" width=\"768\" height=\"512\">\n        \t\n        \n      <\/a>\n    <\/div>\n  \t\t\n  \n    <div class=\"uc_post_list_content\">\n      <div class=\"uc_post_list_content_inside\">\n        \n                          \n        \t        \t\t        \t        \n        \t<div class=\"ue-grid-item-category\">\n                              <a href=\"https:\/\/dfc.fr\/en\/category\/hotels\/\" target=\"_self\">H\u00f4tels<\/a>\n                      \t<\/div>\n        \n                       \n        <div class=\"uc_post_list_title\"><a target=\"_self\" href=\"https:\/\/dfc.fr\/en\/hostel-a-paris\/\" title=\"Explore hostels in Paris with DFC!\">Explore hostels in Paris with DFC!<\/a><\/div>                 \n        <div class=\"ue-meta-data\">\n                                               \n            \n          \n                        \n            \n                        \n                        \n            \n              \n          <\/div>         \n                \n         <div class=\"uc_post_content\">Douce France Consultants vous pr\u00e9sente une s\u00e9lection exclusive des meilleurs hostels de Paris. De l&rsquo;animation de Montmartre \u00e0 l&rsquo;atmosph\u00e8re boh\u00e8me de la rue Mouffetard,...<\/div>           \n        \n                 \n      <\/div>\n    <\/div>\n     \n       \n  \n         <a target=\"_self\" href=\"https:\/\/dfc.fr\/en\/hostel-a-paris\/\" class=\"ue-post-link-overlay\"><\/a>\n   <\/div>\n\n<\/div>\n\n\n  <div id=\"uc_post_list_elementor_0f0f3f2_empty_message\" class=\"ue-no-posts-found\"  style=\"display:none\" >No posts found<\/div>\n\n\n<!-- end Post List -->\t\t\t\t<\/div>\n\t\t\t\t<\/div>\n\t\t\t\t\t<\/div>\n\t\t\t\t<\/div>\n\t\t<div class=\"elementor-element elementor-element-10b7458 e-flex e-con-boxed e-con e-parent\" data-id=\"10b7458\" data-element_type=\"container\" data-e-type=\"container\">\n\t\t\t\t\t<div class=\"e-con-inner\">\n\t\t\t\t<div class=\"elementor-element elementor-element-65ca9b1 elementor-widget elementor-widget-ucaddon_archive_pagination\" data-id=\"65ca9b1\" data-element_type=\"widget\" data-e-type=\"widget\" data-widget_type=\"ucaddon_archive_pagination.default\">\n\t\t\t\t<div class=\"elementor-widget-container\">\n\t\t\t\t\t\n<!-- start Post Pagination -->\n\n<style>\/* widget: Post Pagination *\/\n\n#uc_archive_pagination_elementor_65ca9b1 nav\n{\n  padding:0px;\n  margin:0px;\n}\n\n#uc_archive_pagination_elementor_65ca9b1 \n{\n  display:flex;\n  flex-wrap: wrap;\n  justify-content:center;\n}\n\n#uc_archive_pagination_elementor_65ca9b1 .nav-links\n{\n  display:flex;\n  justify-content:center;\n}\n\n#uc_archive_pagination_elementor_65ca9b1 .nav-links > *\n{\n}\n\n#uc_archive_pagination_elementor_65ca9b1 .page-numbers\n{\n  display:flex;\n  \n  align-items:center;\n  justify-content:center;\n  transition:0.3s;\n  line-height:1em;\n}\n\n\n#uc_archive_pagination_elementor_65ca9b1 a.page-numbers, #uc_archive_pagination_elementor_65ca9b1 .dots\n{\n  color:#000000;\n  background-color:;\n}\n\n#uc_archive_pagination_elementor_65ca9b1 a.page-numbers:hover\n{\n  color:#6e6e6e;\n  background-color:#eeeeee;\n}\n\n#uc_archive_pagination_elementor_65ca9b1 .page-numbers.current,\n#uc_archive_pagination_elementor_65ca9b1 .page-numbers.current:hover\n{\n  background-color:#000000;\n  color:#ffffff;\n}\n\n\n#uc_archive_pagination_elementor_65ca9b1 .page-numbers.prev, #uc_archive_pagination_elementor_65ca9b1 .page-numbers.next\n{\n  padding-left:15px;\n  padding-right:15px;\n}\n\n\n\n#uc_archive_pagination_elementor_65ca9b1 .prev:before {\n   font-family: \"Font Awesome 5 Free\";\n   content: \"\\f053\";\n   display: inline-block;\n   vertical-align: middle;\n   font-weight: 900;\n   padding-right:10px;}\n\n#uc_archive_pagination_elementor_65ca9b1 .next:after {\n   font-family: \"Font Awesome 5 Free\";\n   content: \"\\f054\";\n   display: inline-block;\n   vertical-align: middle;\n   font-weight: 900;\n   padding-left:10px;}\n\n#uc_archive_pagination_elementor_65ca9b1.uc-ajax-loading{\n\topacity:1 !important;\n}\n\n#uc_archive_pagination_elementor_65ca9b1.uc-ajax-loading .current{\n\tposition:relative;\n    overflow:hidden;\n}\n\n\n#uc_archive_pagination_elementor_65ca9b1.uc-ajax-loading .current:before{\n  content: \"\";\n  display:block;\n  width:100%;\n  height:100%;\n  box-sizing:border-box;\n  position:absolute;\n  top:0px;\n  left:0px;\n  background-color: #c2c2c2;\n  animation: uc-spinning-border 0.5s linear infinite;\n  opacity:50%;\n  border-radius:inherit;\n}\n\n@keyframes uc-spinning-border {\n\t0%{transform: scale(0);}\n\t100%{transform: scale(1); }\t\n}\n\n\n\n<\/style>\n\n<div id=\"uc_archive_pagination_elementor_65ca9b1\" class=\"archive_pagination uc-filter-pagination\">\n\n<\/div>\n<!-- end Post Pagination -->\t\t\t\t<\/div>\n\t\t\t\t<\/div>\n\t\t\t\t\t<\/div>\n\t\t\t\t<\/div>\n\t\t\t\t<\/div>","protected":false},"excerpt":{"rendered":"<p>Nos Articles H\u00f4tels Explorez les meilleurs hostels \u00e0 Paris avec DFC! Douce France Consultants vous pr\u00e9sente une s\u00e9lection exclusive des meilleurs hostels de Paris. De l&rsquo;animation de Montmartre \u00e0 l&rsquo;atmosph\u00e8re boh\u00e8me de la rue Mouffetard,&#8230; No posts found Pr\u00e9c\u00e9dent 1 2 3 4 5 Suivant<\/p>","protected":false},"author":7,"featured_media":0,"parent":0,"menu_order":0,"comment_status":"closed","ping_status":"closed","template":"","meta":{"_uag_custom_page_level_css":"","site-sidebar-layout":"no-sidebar","site-content-layout":"page-builder","ast-site-content-layout":"full-width-container","site-content-style":"default","site-sidebar-style":"default","ast-global-header-display":"","ast-banner-title-visibility":"","ast-main-header-display":"","ast-hfb-above-header-display":"","ast-hfb-below-header-display":"","ast-hfb-mobile-header-display":"","site-post-title":"disabled","ast-breadcrumbs-content":"","ast-featured-img":"disabled","footer-sml-layout":"","ast-disable-related-posts":"","theme-transparent-header-meta":"","adv-header-id-meta":"","stick-header-meta":"","header-above-stick-meta":"","header-main-stick-meta":"","header-below-stick-meta":"","astra-migrate-meta-layouts":"set","ast-page-background-enabled":"default","ast-page-background-meta":{"desktop":{"background-color":"","background-image":"","background-repeat":"repeat","background-position":"center center","background-size":"auto","background-attachment":"scroll","background-type":"","background-media":"","overlay-type":"","overlay-color":"","overlay-opacity":"","overlay-gradient":""},"tablet":{"background-color":"","background-image":"","background-repeat":"repeat","background-position":"center center","background-size":"auto","background-attachment":"scroll","background-type":"","background-media":"","overlay-type":"","overlay-color":"","overlay-opacity":"","overlay-gradient":""},"mobile":{"background-color":"","background-image":"","background-repeat":"repeat","background-position":"center center","background-size":"auto","background-attachment":"scroll","background-type":"","background-media":"","overlay-type":"","overlay-color":"","overlay-opacity":"","overlay-gradient":""}},"ast-content-background-meta":{"desktop":{"background-color":"var(--ast-global-color-5)","background-image":"","background-repeat":"repeat","background-position":"center center","background-size":"auto","background-attachment":"scroll","background-type":"","background-media":"","overlay-type":"","overlay-color":"","overlay-opacity":"","overlay-gradient":""},"tablet":{"background-color":"var(--ast-global-color-5)","background-image":"","background-repeat":"repeat","background-position":"center center","background-size":"auto","background-attachment":"scroll","background-type":"","background-media":"","overlay-type":"","overlay-color":"","overlay-opacity":"","overlay-gradient":""},"mobile":{"background-color":"var(--ast-global-color-5)","background-image":"","background-repeat":"repeat","background-position":"center center","background-size":"auto","background-attachment":"scroll","background-type":"","background-media":"","overlay-type":"","overlay-color":"","overlay-opacity":"","overlay-gradient":""}},"footnotes":""},"cross_cat":[],"folder":[69],"class_list":["post-1160","page","type-page","status-publish","hentry"],"yoast_head":"<!-- This site is optimized with the Yoast SEO plugin v27.5 - https:\/\/yoast.com\/product\/yoast-seo-wordpress\/ -->\n<title>Blog - DFC<\/title>\n<meta name=\"robots\" content=\"index, follow, max-snippet:-1, max-image-preview:large, max-video-preview:-1\" \/>\n<link rel=\"canonical\" href=\"https:\/\/dfc.fr\/en\/blog\/\" \/>\n<meta property=\"og:locale\" content=\"en_US\" \/>\n<meta property=\"og:type\" content=\"article\" \/>\n<meta property=\"og:title\" content=\"Blog - DFC\" \/>\n<meta property=\"og:description\" content=\"Nos Articles H\u00f4tels Explorez les meilleurs hostels \u00e0 Paris avec DFC! Douce France Consultants vous pr\u00e9sente une s\u00e9lection exclusive des meilleurs hostels de Paris. De l&rsquo;animation de Montmartre \u00e0 l&rsquo;atmosph\u00e8re boh\u00e8me de la rue Mouffetard,&#8230; No posts found Pr\u00e9c\u00e9dent 1 2 3 4 5 Suivant\" \/>\n<meta property=\"og:url\" content=\"https:\/\/dfc.fr\/en\/blog\/\" \/>\n<meta property=\"og:site_name\" content=\"DFC\" \/>\n<meta property=\"article:publisher\" content=\"https:\/\/www.facebook.com\/profile.php?id=61557097902240\" \/>\n<meta property=\"article:modified_time\" content=\"2024-03-19T08:54:03+00:00\" \/>\n<meta property=\"og:image\" content=\"https:\/\/dfc.fr\/wp-content\/uploads\/2024\/03\/4FE-2-Large-1024x683-1-768x512.jpg\" \/>\n<meta name=\"twitter:card\" content=\"summary_large_image\" \/>\n<meta name=\"twitter:label1\" content=\"Est. reading time\" \/>\n\t<meta name=\"twitter:data1\" content=\"1 minute\" \/>\n<script type=\"application\/ld+json\" class=\"yoast-schema-graph\">{\"@context\":\"https:\\\/\\\/schema.org\",\"@graph\":[{\"@type\":\"WebPage\",\"@id\":\"https:\\\/\\\/dfc.fr\\\/blog\\\/\",\"url\":\"https:\\\/\\\/dfc.fr\\\/blog\\\/\",\"name\":\"Blog - DFC\",\"isPartOf\":{\"@id\":\"https:\\\/\\\/dfc.fr\\\/#website\"},\"primaryImageOfPage\":{\"@id\":\"https:\\\/\\\/dfc.fr\\\/blog\\\/#primaryimage\"},\"image\":{\"@id\":\"https:\\\/\\\/dfc.fr\\\/blog\\\/#primaryimage\"},\"thumbnailUrl\":\"https:\\\/\\\/dfc.fr\\\/wp-content\\\/uploads\\\/2024\\\/03\\\/4FE-2-Large-1024x683-1-768x512.jpg\",\"datePublished\":\"2024-03-18T16:04:57+00:00\",\"dateModified\":\"2024-03-19T08:54:03+00:00\",\"breadcrumb\":{\"@id\":\"https:\\\/\\\/dfc.fr\\\/blog\\\/#breadcrumb\"},\"inLanguage\":\"en-US\",\"potentialAction\":[{\"@type\":\"ReadAction\",\"target\":[\"https:\\\/\\\/dfc.fr\\\/blog\\\/\"]}]},{\"@type\":\"ImageObject\",\"inLanguage\":\"en-US\",\"@id\":\"https:\\\/\\\/dfc.fr\\\/blog\\\/#primaryimage\",\"url\":\"https:\\\/\\\/dfc.fr\\\/wp-content\\\/uploads\\\/2024\\\/03\\\/4FE-2-Large-1024x683-1-768x512.jpg\",\"contentUrl\":\"https:\\\/\\\/dfc.fr\\\/wp-content\\\/uploads\\\/2024\\\/03\\\/4FE-2-Large-1024x683-1-768x512.jpg\"},{\"@type\":\"BreadcrumbList\",\"@id\":\"https:\\\/\\\/dfc.fr\\\/blog\\\/#breadcrumb\",\"itemListElement\":[{\"@type\":\"ListItem\",\"position\":1,\"name\":\"Accueil\",\"item\":\"https:\\\/\\\/dfc.fr\\\/\"},{\"@type\":\"ListItem\",\"position\":2,\"name\":\"Blog\"}]},{\"@type\":\"WebSite\",\"@id\":\"https:\\\/\\\/dfc.fr\\\/#website\",\"url\":\"https:\\\/\\\/dfc.fr\\\/\",\"name\":\"DFC\",\"description\":\"Douce France Consultants\",\"publisher\":{\"@id\":\"https:\\\/\\\/dfc.fr\\\/#organization\"},\"potentialAction\":[{\"@type\":\"SearchAction\",\"target\":{\"@type\":\"EntryPoint\",\"urlTemplate\":\"https:\\\/\\\/dfc.fr\\\/?s={search_term_string}\"},\"query-input\":{\"@type\":\"PropertyValueSpecification\",\"valueRequired\":true,\"valueName\":\"search_term_string\"}}],\"inLanguage\":\"en-US\"},{\"@type\":\"Organization\",\"@id\":\"https:\\\/\\\/dfc.fr\\\/#organization\",\"name\":\"Douce France Consultants\",\"url\":\"https:\\\/\\\/dfc.fr\\\/\",\"logo\":{\"@type\":\"ImageObject\",\"inLanguage\":\"en-US\",\"@id\":\"https:\\\/\\\/dfc.fr\\\/#\\\/schema\\\/logo\\\/image\\\/\",\"url\":\"https:\\\/\\\/dfc.fr\\\/wp-content\\\/uploads\\\/2024\\\/03\\\/Logo-DFC-White.png\",\"contentUrl\":\"https:\\\/\\\/dfc.fr\\\/wp-content\\\/uploads\\\/2024\\\/03\\\/Logo-DFC-White.png\",\"width\":728,\"height\":324,\"caption\":\"Douce France Consultants\"},\"image\":{\"@id\":\"https:\\\/\\\/dfc.fr\\\/#\\\/schema\\\/logo\\\/image\\\/\"},\"sameAs\":[\"https:\\\/\\\/www.facebook.com\\\/profile.php?id=61557097902240\",\"https:\\\/\\\/fr.linkedin.com\\\/company\\\/douce-france-consultants---d.f.c.\"]}]}<\/script>\n<!-- \/ Yoast SEO plugin. -->","yoast_head_json":{"title":"Blog - DFC","robots":{"index":"index","follow":"follow","max-snippet":"max-snippet:-1","max-image-preview":"max-image-preview:large","max-video-preview":"max-video-preview:-1"},"canonical":"https:\/\/dfc.fr\/en\/blog\/","og_locale":"en_US","og_type":"article","og_title":"Blog - DFC","og_description":"Nos Articles H\u00f4tels Explorez les meilleurs hostels \u00e0 Paris avec DFC! Douce France Consultants vous pr\u00e9sente une s\u00e9lection exclusive des meilleurs hostels de Paris. De l&rsquo;animation de Montmartre \u00e0 l&rsquo;atmosph\u00e8re boh\u00e8me de la rue Mouffetard,&#8230; No posts found Pr\u00e9c\u00e9dent 1 2 3 4 5 Suivant","og_url":"https:\/\/dfc.fr\/en\/blog\/","og_site_name":"DFC","article_publisher":"https:\/\/www.facebook.com\/profile.php?id=61557097902240","article_modified_time":"2024-03-19T08:54:03+00:00","og_image":[{"url":"https:\/\/dfc.fr\/wp-content\/uploads\/2024\/03\/4FE-2-Large-1024x683-1-768x512.jpg","type":"","width":"","height":""}],"twitter_card":"summary_large_image","twitter_misc":{"Est. reading time":"1 minute"},"schema":{"@context":"https:\/\/schema.org","@graph":[{"@type":"WebPage","@id":"https:\/\/dfc.fr\/blog\/","url":"https:\/\/dfc.fr\/blog\/","name":"Blog - DFC","isPartOf":{"@id":"https:\/\/dfc.fr\/#website"},"primaryImageOfPage":{"@id":"https:\/\/dfc.fr\/blog\/#primaryimage"},"image":{"@id":"https:\/\/dfc.fr\/blog\/#primaryimage"},"thumbnailUrl":"https:\/\/dfc.fr\/wp-content\/uploads\/2024\/03\/4FE-2-Large-1024x683-1-768x512.jpg","datePublished":"2024-03-18T16:04:57+00:00","dateModified":"2024-03-19T08:54:03+00:00","breadcrumb":{"@id":"https:\/\/dfc.fr\/blog\/#breadcrumb"},"inLanguage":"en-US","potentialAction":[{"@type":"ReadAction","target":["https:\/\/dfc.fr\/blog\/"]}]},{"@type":"ImageObject","inLanguage":"en-US","@id":"https:\/\/dfc.fr\/blog\/#primaryimage","url":"https:\/\/dfc.fr\/wp-content\/uploads\/2024\/03\/4FE-2-Large-1024x683-1-768x512.jpg","contentUrl":"https:\/\/dfc.fr\/wp-content\/uploads\/2024\/03\/4FE-2-Large-1024x683-1-768x512.jpg"},{"@type":"BreadcrumbList","@id":"https:\/\/dfc.fr\/blog\/#breadcrumb","itemListElement":[{"@type":"ListItem","position":1,"name":"Accueil","item":"https:\/\/dfc.fr\/"},{"@type":"ListItem","position":2,"name":"Blog"}]},{"@type":"WebSite","@id":"https:\/\/dfc.fr\/#website","url":"https:\/\/dfc.fr\/","name":"DFC","description":"Douce France Consultants","publisher":{"@id":"https:\/\/dfc.fr\/#organization"},"potentialAction":[{"@type":"SearchAction","target":{"@type":"EntryPoint","urlTemplate":"https:\/\/dfc.fr\/?s={search_term_string}"},"query-input":{"@type":"PropertyValueSpecification","valueRequired":true,"valueName":"search_term_string"}}],"inLanguage":"en-US"},{"@type":"Organization","@id":"https:\/\/dfc.fr\/#organization","name":"Douce France Consultants","url":"https:\/\/dfc.fr\/","logo":{"@type":"ImageObject","inLanguage":"en-US","@id":"https:\/\/dfc.fr\/#\/schema\/logo\/image\/","url":"https:\/\/dfc.fr\/wp-content\/uploads\/2024\/03\/Logo-DFC-White.png","contentUrl":"https:\/\/dfc.fr\/wp-content\/uploads\/2024\/03\/Logo-DFC-White.png","width":728,"height":324,"caption":"Douce France Consultants"},"image":{"@id":"https:\/\/dfc.fr\/#\/schema\/logo\/image\/"},"sameAs":["https:\/\/www.facebook.com\/profile.php?id=61557097902240","https:\/\/fr.linkedin.com\/company\/douce-france-consultants---d.f.c."]}]}},"uagb_featured_image_src":{"full":false,"thumbnail":false,"medium":false,"medium_large":false,"large":false,"1536x1536":false,"2048x2048":false,"trp-custom-language-flag":false},"uagb_author_info":{"display_name":"marketing","author_link":"https:\/\/dfc.fr\/en\/author\/marketing\/"},"uagb_comment_info":0,"uagb_excerpt":"Nos Articles H\u00f4tels Explorez les meilleurs hostels \u00e0 Paris avec DFC! Douce France Consultants vous pr\u00e9sente une s\u00e9lection exclusive des meilleurs hostels de Paris. De l&rsquo;animation de Montmartre \u00e0 l&rsquo;atmosph\u00e8re boh\u00e8me de la rue Mouffetard,&#8230; No posts found Pr\u00e9c\u00e9dent 1 2 3 4 5 Suivant","_links":{"self":[{"href":"https:\/\/dfc.fr\/en\/wp-json\/wp\/v2\/pages\/1160","targetHints":{"allow":["GET"]}}],"collection":[{"href":"https:\/\/dfc.fr\/en\/wp-json\/wp\/v2\/pages"}],"about":[{"href":"https:\/\/dfc.fr\/en\/wp-json\/wp\/v2\/types\/page"}],"author":[{"embeddable":true,"href":"https:\/\/dfc.fr\/en\/wp-json\/wp\/v2\/users\/7"}],"replies":[{"embeddable":true,"href":"https:\/\/dfc.fr\/en\/wp-json\/wp\/v2\/comments?post=1160"}],"version-history":[{"count":35,"href":"https:\/\/dfc.fr\/en\/wp-json\/wp\/v2\/pages\/1160\/revisions"}],"predecessor-version":[{"id":1211,"href":"https:\/\/dfc.fr\/en\/wp-json\/wp\/v2\/pages\/1160\/revisions\/1211"}],"wp:attachment":[{"href":"https:\/\/dfc.fr\/en\/wp-json\/wp\/v2\/media?parent=1160"}],"wp:term":[{"taxonomy":"cross_cat","embeddable":true,"href":"https:\/\/dfc.fr\/en\/wp-json\/wp\/v2\/cross_cat?post=1160"},{"taxonomy":"folder","embeddable":true,"href":"https:\/\/dfc.fr\/en\/wp-json\/wp\/v2\/folder?post=1160"}],"curies":[{"name":"wp","href":"https:\/\/api.w.org\/{rel}","templated":true}]}}