{"id":114,"date":"2021-05-03T13:29:33","date_gmt":"2021-05-03T13:29:33","guid":{"rendered":"https:\/\/dfc.fr\/contact-3\/"},"modified":"2024-03-18T16:40:09","modified_gmt":"2024-03-18T16:40:09","slug":"contact","status":"publish","type":"page","link":"https:\/\/dfc.fr\/en\/contact\/","title":{"rendered":"Contact"},"content":{"rendered":"\t\t<div data-elementor-type=\"wp-page\" data-elementor-id=\"114\" class=\"elementor elementor-114\">\n\t\t\t\t<div class=\"elementor-element elementor-element-3956d7a e-flex e-con-boxed e-con e-parent\" data-id=\"3956d7a\" data-element_type=\"container\" data-e-type=\"container\" data-settings=\"{&quot;background_background&quot;:&quot;classic&quot;}\">\n\t\t\t\t\t<div class=\"e-con-inner\">\n\t\t<div class=\"elementor-element elementor-element-73abcd0 e-con-full e-flex e-con e-child\" data-id=\"73abcd0\" data-element_type=\"container\" data-e-type=\"container\">\n\t\t\t\t<div class=\"elementor-element elementor-element-d1acf73 elementor-widget-divider--view-line elementor-widget elementor-widget-divider\" data-id=\"d1acf73\" data-element_type=\"widget\" data-e-type=\"widget\" data-widget_type=\"divider.default\">\n\t\t\t\t<div class=\"elementor-widget-container\">\n\t\t\t\t\t\t\t<div class=\"elementor-divider\">\n\t\t\t<span class=\"elementor-divider-separator\">\n\t\t\t\t\t\t<\/span>\n\t\t<\/div>\n\t\t\t\t\t\t<\/div>\n\t\t\t\t<\/div>\n\t\t\t\t<div class=\"elementor-element elementor-element-934a106 elementor-widget elementor-widget-heading\" data-id=\"934a106\" data-element_type=\"widget\" data-e-type=\"widget\" data-widget_type=\"heading.default\">\n\t\t\t\t<div class=\"elementor-widget-container\">\n\t\t\t\t\t<h1 class=\"elementor-heading-title elementor-size-default\">Contact<\/h1>\t\t\t\t<\/div>\n\t\t\t\t<\/div>\n\t\t\t\t<\/div>\n\t\t\t\t\t<\/div>\n\t\t\t\t<\/div>\n\t\t<div class=\"elementor-element elementor-element-be74230 e-flex e-con-boxed e-con e-parent\" data-id=\"be74230\" data-element_type=\"container\" data-e-type=\"container\" data-settings=\"{&quot;background_background&quot;:&quot;classic&quot;}\">\n\t\t\t\t\t<div class=\"e-con-inner\">\n\t\t<div class=\"elementor-element elementor-element-63b81da e-con-full e-flex e-con e-child\" data-id=\"63b81da\" data-element_type=\"container\" data-e-type=\"container\">\n\t\t\t\t<div class=\"elementor-element elementor-element-811162b elementor-widget elementor-widget-heading\" data-id=\"811162b\" data-element_type=\"widget\" data-e-type=\"widget\" data-widget_type=\"heading.default\">\n\t\t\t\t<div class=\"elementor-widget-container\">\n\t\t\t\t\t<h2 class=\"elementor-heading-title elementor-size-default\">Nous sommes l\u00e0 pour vous aider !<\/h2>\t\t\t\t<\/div>\n\t\t\t\t<\/div>\n\t\t\t\t<div class=\"elementor-element elementor-element-4324074 elementor-icon-list--layout-traditional elementor-list-item-link-full_width elementor-widget elementor-widget-icon-list\" data-id=\"4324074\" data-element_type=\"widget\" data-e-type=\"widget\" data-widget_type=\"icon-list.default\">\n\t\t\t\t<div class=\"elementor-widget-container\">\n\t\t\t\t\t\t\t<ul class=\"elementor-icon-list-items\">\n\t\t\t\t\t\t\t<li class=\"elementor-icon-list-item\">\n\t\t\t\t\t\t\t\t\t\t\t<span class=\"elementor-icon-list-icon\">\n\t\t\t\t\t\t\t<svg aria-hidden=\"true\" class=\"e-font-icon-svg e-fas-map-marker-alt\" viewBox=\"0 0 384 512\" xmlns=\"http:\/\/www.w3.org\/2000\/svg\"><path d=\"M172.268 501.67C26.97 291.031 0 269.413 0 192 0 85.961 85.961 0 192 0s192 85.961 192 192c0 77.413-26.97 99.031-172.268 309.67-9.535 13.774-29.93 13.773-39.464 0zM192 272c44.183 0 80-35.817 80-80s-35.817-80-80-80-80 35.817-80 80 35.817 80 80 80z\"><\/path><\/svg>\t\t\t\t\t\t<\/span>\n\t\t\t\t\t\t\t\t\t\t<span class=\"elementor-icon-list-text\">24 rue Buffault, 75009 Paris<\/span>\n\t\t\t\t\t\t\t\t\t<\/li>\n\t\t\t\t\t\t\t\t<li class=\"elementor-icon-list-item\">\n\t\t\t\t\t\t\t\t\t\t\t<span class=\"elementor-icon-list-icon\">\n\t\t\t\t\t\t\t<svg aria-hidden=\"true\" class=\"e-font-icon-svg e-fas-phone-alt\" viewBox=\"0 0 512 512\" xmlns=\"http:\/\/www.w3.org\/2000\/svg\"><path d=\"M497.39 361.8l-112-48a24 24 0 0 0-28 6.9l-49.6 60.6A370.66 370.66 0 0 1 130.6 204.11l60.6-49.6a23.94 23.94 0 0 0 6.9-28l-48-112A24.16 24.16 0 0 0 122.6.61l-104 24A24 24 0 0 0 0 48c0 256.5 207.9 464 464 464a24 24 0 0 0 23.4-18.6l24-104a24.29 24.29 0 0 0-14.01-27.6z\"><\/path><\/svg>\t\t\t\t\t\t<\/span>\n\t\t\t\t\t\t\t\t\t\t<span class=\"elementor-icon-list-text\">01 53 20 88 44<\/span>\n\t\t\t\t\t\t\t\t\t<\/li>\n\t\t\t\t\t\t<\/ul>\n\t\t\t\t\t\t<\/div>\n\t\t\t\t<\/div>\n\t\t\t\t<div class=\"elementor-element elementor-element-ebfe429 elementor-widget elementor-widget-heading\" data-id=\"ebfe429\" data-element_type=\"widget\" data-e-type=\"widget\" data-widget_type=\"heading.default\">\n\t\t\t\t<div class=\"elementor-widget-container\">\n\t\t\t\t\t<h3 class=\"elementor-heading-title elementor-size-default\">Suivez nous<\/h3>\t\t\t\t<\/div>\n\t\t\t\t<\/div>\n\t\t\t\t<div class=\"elementor-element elementor-element-2d3f98a e-grid-align-left elementor-shape-rounded elementor-grid-0 elementor-widget elementor-widget-social-icons\" data-id=\"2d3f98a\" data-element_type=\"widget\" data-e-type=\"widget\" data-widget_type=\"social-icons.default\">\n\t\t\t\t<div class=\"elementor-widget-container\">\n\t\t\t\t\t\t\t<div class=\"elementor-social-icons-wrapper elementor-grid\">\n\t\t\t\t\t\t\t<span class=\"elementor-grid-item\">\n\t\t\t\t\t<a class=\"elementor-icon elementor-social-icon elementor-social-icon-linkedin elementor-repeater-item-3727c6c\" href=\"https:\/\/www.linkedin.com\/company\/douce-france-consultants---d.f.c.\/\" target=\"_blank\">\n\t\t\t\t\t\t<span class=\"elementor-screen-only\">Linkedin<\/span>\n\t\t\t\t\t\t<svg aria-hidden=\"true\" class=\"e-font-icon-svg e-fab-linkedin\" viewBox=\"0 0 448 512\" xmlns=\"http:\/\/www.w3.org\/2000\/svg\"><path d=\"M416 32H31.9C14.3 32 0 46.5 0 64.3v383.4C0 465.5 14.3 480 31.9 480H416c17.6 0 32-14.5 32-32.3V64.3c0-17.8-14.4-32.3-32-32.3zM135.4 416H69V202.2h66.5V416zm-33.2-243c-21.3 0-38.5-17.3-38.5-38.5S80.9 96 102.2 96c21.2 0 38.5 17.3 38.5 38.5 0 21.3-17.2 38.5-38.5 38.5zm282.1 243h-66.4V312c0-24.8-.5-56.7-34.5-56.7-34.6 0-39.9 27-39.9 54.9V416h-66.4V202.2h63.7v29.2h.9c8.9-16.8 30.6-34.5 62.9-34.5 67.2 0 79.7 44.3 79.7 101.9V416z\"><\/path><\/svg>\t\t\t\t\t<\/a>\n\t\t\t\t<\/span>\n\t\t\t\t\t<\/div>\n\t\t\t\t\t\t<\/div>\n\t\t\t\t<\/div>\n\t\t\t\t<\/div>\n\t\t<div class=\"elementor-element elementor-element-8206fdd e-con-full e-flex e-con e-child\" data-id=\"8206fdd\" data-element_type=\"container\" data-e-type=\"container\" data-settings=\"{&quot;background_background&quot;:&quot;classic&quot;}\">\n\t\t\t\t<div class=\"elementor-element elementor-element-3d5957f elementor-widget elementor-widget-heading\" data-id=\"3d5957f\" data-element_type=\"widget\" data-e-type=\"widget\" data-widget_type=\"heading.default\">\n\t\t\t\t<div class=\"elementor-widget-container\">\n\t\t\t\t\t<h3 class=\"elementor-heading-title elementor-size-default\">Ecrivez-nous !<\/h3>\t\t\t\t<\/div>\n\t\t\t\t<\/div>\n\t\t\t\t<div class=\"elementor-element elementor-element-ae9e2c2 elementor-widget elementor-widget-wpforms\" data-id=\"ae9e2c2\" data-element_type=\"widget\" data-e-type=\"widget\" data-widget_type=\"wpforms.default\">\n\t\t\t\t<div class=\"elementor-widget-container\">\n\t\t\t\t\t<div class=\"wpforms-container \" id=\"wpforms-913\"><form id=\"wpforms-form-913\" class=\"wpforms-validate wpforms-form\" data-formid=\"913\" method=\"post\" enctype=\"multipart\/form-data\" action=\"\/en\/wp-json\/wp\/v2\/pages\/114\" data-token=\"800c0647ad94c062a989450004ea4175\" data-token-time=\"1777491602\"><noscript class=\"wpforms-error-noscript\">Please enable JavaScript in your browser to complete this form.<\/noscript><div class=\"wpforms-field-container\"><div id=\"wpforms-913-field_0-container\" class=\"wpforms-field wpforms-field-name\" data-field-id=\"0\"><label class=\"wpforms-field-label wpforms-label-hide\" for=\"wpforms-913-field_0\">Nom <span class=\"wpforms-required-label\">*<\/span><\/label><div class=\"wpforms-field-row wpforms-field-large\"><div class=\"wpforms-field-row-block wpforms-first wpforms-one-half\"><input type=\"text\" id=\"wpforms-913-field_0\" class=\"wpforms-field-name-first wpforms-field-required\" name=\"wpforms[fields][0][first]\" placeholder=\"Pr\u00e9nom\" required><label for=\"wpforms-913-field_0\" class=\"wpforms-field-sublabel after wpforms-sublabel-hide\">First<\/label><\/div><div class=\"wpforms-field-row-block wpforms-one-half\"><input type=\"text\" id=\"wpforms-913-field_0-last\" class=\"wpforms-field-name-last wpforms-field-required\" name=\"wpforms[fields][0][last]\" placeholder=\"Nom\" required><label for=\"wpforms-913-field_0-last\" class=\"wpforms-field-sublabel after wpforms-sublabel-hide\">Last<\/label><\/div><\/div><\/div><div id=\"wpforms-913-field_1-container\" class=\"wpforms-field wpforms-field-email\" data-field-id=\"1\"><label class=\"wpforms-field-label wpforms-label-hide\" for=\"wpforms-913-field_1\">Email <span class=\"wpforms-required-label\">*<\/span><\/label><input type=\"email\" id=\"wpforms-913-field_1\" class=\"wpforms-field-large wpforms-field-required\" name=\"wpforms[fields][1]\" placeholder=\"Adresse Email \" spellcheck=\"false\" required><\/div><div id=\"wpforms-913-field_3-container\" class=\"wpforms-field wpforms-field-text\" data-field-id=\"3\"><label class=\"wpforms-field-label wpforms-label-hide\" for=\"wpforms-913-field_3\">Objet <span class=\"wpforms-required-label\">*<\/span><\/label><input type=\"text\" id=\"wpforms-913-field_3\" class=\"wpforms-field-large wpforms-field-required\" name=\"wpforms[fields][3]\" placeholder=\"Sujet\" required><\/div><div id=\"wpforms-913-field_2-container\" class=\"wpforms-field wpforms-field-textarea\" data-field-id=\"2\"><label class=\"wpforms-field-label wpforms-label-hide\" for=\"wpforms-913-field_2\">Message ou Commentaire <span class=\"wpforms-required-label\">*<\/span><\/label><textarea id=\"wpforms-913-field_2\" class=\"wpforms-field-medium wpforms-field-required\" name=\"wpforms[fields][2]\" placeholder=\"Votre Message\" required><\/textarea><\/div><\/div><!-- .wpforms-field-container --><div class=\"wpforms-recaptcha-container wpforms-is-recaptcha wpforms-is-recaptcha-type-v2\" ><div class=\"g-recaptcha\" data-sitekey=\"6LeQ5p4pAAAAAFaFA22_G9YXsJagcRsIu9NyZnC3\"><\/div><input type=\"text\" name=\"g-recaptcha-hidden\" class=\"wpforms-recaptcha-hidden\" style=\"position:absolute!important;clip:rect(0,0,0,0)!important;height:1px!important;width:1px!important;border:0!important;overflow:hidden!important;padding:0!important;margin:0!important;\" data-rule-recaptcha=\"1\"><\/div><div class=\"wpforms-submit-container\" ><input type=\"hidden\" name=\"wpforms[id]\" value=\"913\"><input type=\"hidden\" name=\"page_title\" value=\"\"><input type=\"hidden\" name=\"page_url\" value=\"https:\/\/dfc.fr\/en\/wp-json\/wp\/v2\/pages\/114\"><input type=\"hidden\" name=\"url_referer\" value=\"\"><button type=\"submit\" name=\"wpforms[submit]\" id=\"wpforms-submit-913\" class=\"wpforms-submit\" data-alt-text=\"En cours d&#039;envoi...\" data-submit-text=\"Envoyer\" aria-live=\"assertive\" value=\"wpforms-submit\">Envoyer<\/button><\/div><\/form><\/div>  <!-- .wpforms-container -->\t\t\t\t<\/div>\n\t\t\t\t<\/div>\n\t\t\t\t<\/div>\n\t\t\t\t\t<\/div>\n\t\t\t\t<\/div>\n\t\t<div class=\"elementor-element elementor-element-79a3f3e e-con-full e-flex e-con e-parent\" data-id=\"79a3f3e\" data-element_type=\"container\" data-e-type=\"container\">\n\t\t<div class=\"elementor-element elementor-element-18fab39 e-con-full e-flex e-con e-child\" data-id=\"18fab39\" data-element_type=\"container\" data-e-type=\"container\">\n\t\t\t\t<div class=\"elementor-element elementor-element-5e0b247 elementor-widget elementor-widget-google_maps\" data-id=\"5e0b247\" data-element_type=\"widget\" data-e-type=\"widget\" data-widget_type=\"google_maps.default\">\n\t\t\t\t<div class=\"elementor-widget-container\">\n\t\t\t\t\t\t\t<div class=\"elementor-custom-embed\">\n\t\t\t<iframe loading=\"lazy\"\n\t\t\t\t\tsrc=\"https:\/\/maps.google.com\/maps?q=24%20rue%20buffault%2C%2075009%20Paris%2C%20France&#038;t=m&#038;z=16&#038;output=embed&#038;iwloc=near\"\n\t\t\t\t\ttitle=\"24 rue buffault, 75009 Paris, France\"\n\t\t\t\t\taria-label=\"24 rue buffault, 75009 Paris, France\"\n\t\t\t><\/iframe>\n\t\t<\/div>\n\t\t\t\t\t\t<\/div>\n\t\t\t\t<\/div>\n\t\t\t\t<\/div>\n\t\t\t\t<\/div>\n\t\t\t\t<\/div>\n\t\t","protected":false},"excerpt":{"rendered":"<p>Contact Nous sommes l\u00e0 pour vous aider ! 24 rue Buffault, 75009 Paris 01 53 20 88 44 Suivez nous Linkedin Ecrivez-nous ! Veuillez activer JavaScript dans votre navigateur pour remplir ce formulaire.Nom *Pr\u00e9nomNomEmail *Objet *Message ou Commentaire * Envoyer<\/p>","protected":false},"author":7,"featured_media":0,"parent":0,"menu_order":0,"comment_status":"closed","ping_status":"closed","template":"","meta":{"_uag_custom_page_level_css":"","site-sidebar-layout":"no-sidebar","site-content-layout":null,"ast-site-content-layout":"full-width-container","site-content-style":"unboxed","site-sidebar-style":"unboxed","ast-global-header-display":"","ast-banner-title-visibility":"","ast-main-header-display":"","ast-hfb-above-header-display":null,"ast-hfb-below-header-display":null,"ast-hfb-mobile-header-display":"","site-post-title":"disabled","ast-breadcrumbs-content":null,"ast-featured-img":"disabled","footer-sml-layout":"","ast-disable-related-posts":"","theme-transparent-header-meta":"enabled","adv-header-id-meta":"","stick-header-meta":"","header-above-stick-meta":null,"header-main-stick-meta":"","header-below-stick-meta":null,"astra-migrate-meta-layouts":"set","ast-page-background-enabled":"default","ast-page-background-meta":{"desktop":{"background-color":"","background-image":"","background-repeat":"repeat","background-position":"center center","background-size":"auto","background-attachment":"scroll","background-type":"","background-media":"","overlay-type":"","overlay-color":"","overlay-opacity":"","overlay-gradient":""},"tablet":{"background-color":"","background-image":"","background-repeat":"repeat","background-position":"center center","background-size":"auto","background-attachment":"scroll","background-type":"","background-media":"","overlay-type":"","overlay-color":"","overlay-opacity":"","overlay-gradient":""},"mobile":{"background-color":"","background-image":"","background-repeat":"repeat","background-position":"center center","background-size":"auto","background-attachment":"scroll","background-type":"","background-media":"","overlay-type":"","overlay-color":"","overlay-opacity":"","overlay-gradient":""}},"ast-content-background-meta":{"desktop":{"background-color":"var(--ast-global-color-5)","background-image":"","background-repeat":"repeat","background-position":"center center","background-size":"auto","background-attachment":"scroll","background-type":"","background-media":"","overlay-type":"","overlay-color":"","overlay-opacity":"","overlay-gradient":""},"tablet":{"background-color":"var(--ast-global-color-5)","background-image":"","background-repeat":"repeat","background-position":"center center","background-size":"auto","background-attachment":"scroll","background-type":"","background-media":"","overlay-type":"","overlay-color":"","overlay-opacity":"","overlay-gradient":""},"mobile":{"background-color":"var(--ast-global-color-5)","background-image":"","background-repeat":"repeat","background-position":"center center","background-size":"auto","background-attachment":"scroll","background-type":"","background-media":"","overlay-type":"","overlay-color":"","overlay-opacity":"","overlay-gradient":""}},"footnotes":""},"cross_cat":[],"folder":[69],"class_list":["post-114","page","type-page","status-publish","hentry"],"yoast_head":"<!-- This site is optimized with the Yoast SEO plugin v27.5 - https:\/\/yoast.com\/product\/yoast-seo-wordpress\/ -->\n<title>Contact - DFC<\/title>\n<meta name=\"description\" content=\"Prenez contact d\u00e8s aujourd&#039;hui pour obtenir un conseil expert en gestion h\u00f4teli\u00e8re \u00e0 Paris. Nous sommes l\u00e0 pour r\u00e9pondre \u00e0 vos besoins...\" \/>\n<meta name=\"robots\" content=\"index, follow, max-snippet:-1, max-image-preview:large, max-video-preview:-1\" \/>\n<link rel=\"canonical\" href=\"https:\/\/dfc.fr\/en\/contact\/\" \/>\n<meta property=\"og:locale\" content=\"en_US\" \/>\n<meta property=\"og:type\" content=\"article\" \/>\n<meta property=\"og:title\" content=\"Contact - DFC\" \/>\n<meta property=\"og:description\" content=\"Prenez contact d\u00e8s aujourd&#039;hui pour obtenir un conseil expert en gestion h\u00f4teli\u00e8re \u00e0 Paris. Nous sommes l\u00e0 pour r\u00e9pondre \u00e0 vos besoins...\" \/>\n<meta property=\"og:url\" content=\"https:\/\/dfc.fr\/en\/contact\/\" \/>\n<meta property=\"og:site_name\" content=\"DFC\" \/>\n<meta property=\"article:publisher\" content=\"https:\/\/www.facebook.com\/profile.php?id=61557097902240\" \/>\n<meta property=\"article:modified_time\" content=\"2024-03-18T16:40:09+00:00\" \/>\n<meta name=\"twitter:card\" content=\"summary_large_image\" \/>\n<meta name=\"twitter:label1\" content=\"Est. reading time\" \/>\n\t<meta name=\"twitter:data1\" content=\"1 minute\" \/>\n<script type=\"application\/ld+json\" class=\"yoast-schema-graph\">{\"@context\":\"https:\\\/\\\/schema.org\",\"@graph\":[{\"@type\":\"WebPage\",\"@id\":\"https:\\\/\\\/dfc.fr\\\/contact\\\/\",\"url\":\"https:\\\/\\\/dfc.fr\\\/contact\\\/\",\"name\":\"Contact - DFC\",\"isPartOf\":{\"@id\":\"https:\\\/\\\/dfc.fr\\\/#website\"},\"datePublished\":\"2021-05-03T13:29:33+00:00\",\"dateModified\":\"2024-03-18T16:40:09+00:00\",\"description\":\"Prenez contact d\u00e8s aujourd'hui pour obtenir un conseil expert en gestion h\u00f4teli\u00e8re \u00e0 Paris. Nous sommes l\u00e0 pour r\u00e9pondre \u00e0 vos besoins...\",\"breadcrumb\":{\"@id\":\"https:\\\/\\\/dfc.fr\\\/contact\\\/#breadcrumb\"},\"inLanguage\":\"en-US\",\"potentialAction\":[{\"@type\":\"ReadAction\",\"target\":[\"https:\\\/\\\/dfc.fr\\\/contact\\\/\"]}]},{\"@type\":\"BreadcrumbList\",\"@id\":\"https:\\\/\\\/dfc.fr\\\/contact\\\/#breadcrumb\",\"itemListElement\":[{\"@type\":\"ListItem\",\"position\":1,\"name\":\"Accueil\",\"item\":\"https:\\\/\\\/dfc.fr\\\/\"},{\"@type\":\"ListItem\",\"position\":2,\"name\":\"Contact\"}]},{\"@type\":\"WebSite\",\"@id\":\"https:\\\/\\\/dfc.fr\\\/#website\",\"url\":\"https:\\\/\\\/dfc.fr\\\/\",\"name\":\"DFC\",\"description\":\"Douce France Consultants\",\"publisher\":{\"@id\":\"https:\\\/\\\/dfc.fr\\\/#organization\"},\"potentialAction\":[{\"@type\":\"SearchAction\",\"target\":{\"@type\":\"EntryPoint\",\"urlTemplate\":\"https:\\\/\\\/dfc.fr\\\/?s={search_term_string}\"},\"query-input\":{\"@type\":\"PropertyValueSpecification\",\"valueRequired\":true,\"valueName\":\"search_term_string\"}}],\"inLanguage\":\"en-US\"},{\"@type\":\"Organization\",\"@id\":\"https:\\\/\\\/dfc.fr\\\/#organization\",\"name\":\"Douce France Consultants\",\"url\":\"https:\\\/\\\/dfc.fr\\\/\",\"logo\":{\"@type\":\"ImageObject\",\"inLanguage\":\"en-US\",\"@id\":\"https:\\\/\\\/dfc.fr\\\/#\\\/schema\\\/logo\\\/image\\\/\",\"url\":\"https:\\\/\\\/dfc.fr\\\/wp-content\\\/uploads\\\/2024\\\/03\\\/Logo-DFC-White.png\",\"contentUrl\":\"https:\\\/\\\/dfc.fr\\\/wp-content\\\/uploads\\\/2024\\\/03\\\/Logo-DFC-White.png\",\"width\":728,\"height\":324,\"caption\":\"Douce France Consultants\"},\"image\":{\"@id\":\"https:\\\/\\\/dfc.fr\\\/#\\\/schema\\\/logo\\\/image\\\/\"},\"sameAs\":[\"https:\\\/\\\/www.facebook.com\\\/profile.php?id=61557097902240\",\"https:\\\/\\\/fr.linkedin.com\\\/company\\\/douce-france-consultants---d.f.c.\"]}]}<\/script>\n<!-- \/ Yoast SEO plugin. -->","yoast_head_json":{"title":"Contact - DFC","description":"Prenez contact d\u00e8s aujourd'hui pour obtenir un conseil expert en gestion h\u00f4teli\u00e8re \u00e0 Paris. Nous sommes l\u00e0 pour r\u00e9pondre \u00e0 vos besoins...","robots":{"index":"index","follow":"follow","max-snippet":"max-snippet:-1","max-image-preview":"max-image-preview:large","max-video-preview":"max-video-preview:-1"},"canonical":"https:\/\/dfc.fr\/en\/contact\/","og_locale":"en_US","og_type":"article","og_title":"Contact - DFC","og_description":"Prenez contact d\u00e8s aujourd'hui pour obtenir un conseil expert en gestion h\u00f4teli\u00e8re \u00e0 Paris. Nous sommes l\u00e0 pour r\u00e9pondre \u00e0 vos besoins...","og_url":"https:\/\/dfc.fr\/en\/contact\/","og_site_name":"DFC","article_publisher":"https:\/\/www.facebook.com\/profile.php?id=61557097902240","article_modified_time":"2024-03-18T16:40:09+00:00","twitter_card":"summary_large_image","twitter_misc":{"Est. reading time":"1 minute"},"schema":{"@context":"https:\/\/schema.org","@graph":[{"@type":"WebPage","@id":"https:\/\/dfc.fr\/contact\/","url":"https:\/\/dfc.fr\/contact\/","name":"Contact - DFC","isPartOf":{"@id":"https:\/\/dfc.fr\/#website"},"datePublished":"2021-05-03T13:29:33+00:00","dateModified":"2024-03-18T16:40:09+00:00","description":"Prenez contact d\u00e8s aujourd'hui pour obtenir un conseil expert en gestion h\u00f4teli\u00e8re \u00e0 Paris. Nous sommes l\u00e0 pour r\u00e9pondre \u00e0 vos besoins...","breadcrumb":{"@id":"https:\/\/dfc.fr\/contact\/#breadcrumb"},"inLanguage":"en-US","potentialAction":[{"@type":"ReadAction","target":["https:\/\/dfc.fr\/contact\/"]}]},{"@type":"BreadcrumbList","@id":"https:\/\/dfc.fr\/contact\/#breadcrumb","itemListElement":[{"@type":"ListItem","position":1,"name":"Accueil","item":"https:\/\/dfc.fr\/"},{"@type":"ListItem","position":2,"name":"Contact"}]},{"@type":"WebSite","@id":"https:\/\/dfc.fr\/#website","url":"https:\/\/dfc.fr\/","name":"DFC","description":"Douce France Consultants","publisher":{"@id":"https:\/\/dfc.fr\/#organization"},"potentialAction":[{"@type":"SearchAction","target":{"@type":"EntryPoint","urlTemplate":"https:\/\/dfc.fr\/?s={search_term_string}"},"query-input":{"@type":"PropertyValueSpecification","valueRequired":true,"valueName":"search_term_string"}}],"inLanguage":"en-US"},{"@type":"Organization","@id":"https:\/\/dfc.fr\/#organization","name":"Douce France Consultants","url":"https:\/\/dfc.fr\/","logo":{"@type":"ImageObject","inLanguage":"en-US","@id":"https:\/\/dfc.fr\/#\/schema\/logo\/image\/","url":"https:\/\/dfc.fr\/wp-content\/uploads\/2024\/03\/Logo-DFC-White.png","contentUrl":"https:\/\/dfc.fr\/wp-content\/uploads\/2024\/03\/Logo-DFC-White.png","width":728,"height":324,"caption":"Douce France Consultants"},"image":{"@id":"https:\/\/dfc.fr\/#\/schema\/logo\/image\/"},"sameAs":["https:\/\/www.facebook.com\/profile.php?id=61557097902240","https:\/\/fr.linkedin.com\/company\/douce-france-consultants---d.f.c."]}]}},"uagb_featured_image_src":{"full":false,"thumbnail":false,"medium":false,"medium_large":false,"large":false,"1536x1536":false,"2048x2048":false,"trp-custom-language-flag":false},"uagb_author_info":{"display_name":"marketing","author_link":"https:\/\/dfc.fr\/en\/author\/marketing\/"},"uagb_comment_info":0,"uagb_excerpt":"Contact Nous sommes l\u00e0 pour vous aider ! 24 rue Buffault, 75009 Paris 01 53 20 88 44 Suivez nous Linkedin Ecrivez-nous ! Veuillez activer JavaScript dans votre navigateur pour remplir ce formulaire.Nom *Pr\u00e9nomNomEmail *Objet *Message ou Commentaire * Envoyer","_links":{"self":[{"href":"https:\/\/dfc.fr\/en\/wp-json\/wp\/v2\/pages\/114","targetHints":{"allow":["GET"]}}],"collection":[{"href":"https:\/\/dfc.fr\/en\/wp-json\/wp\/v2\/pages"}],"about":[{"href":"https:\/\/dfc.fr\/en\/wp-json\/wp\/v2\/types\/page"}],"author":[{"embeddable":true,"href":"https:\/\/dfc.fr\/en\/wp-json\/wp\/v2\/users\/7"}],"replies":[{"embeddable":true,"href":"https:\/\/dfc.fr\/en\/wp-json\/wp\/v2\/comments?post=114"}],"version-history":[{"count":21,"href":"https:\/\/dfc.fr\/en\/wp-json\/wp\/v2\/pages\/114\/revisions"}],"predecessor-version":[{"id":1186,"href":"https:\/\/dfc.fr\/en\/wp-json\/wp\/v2\/pages\/114\/revisions\/1186"}],"wp:attachment":[{"href":"https:\/\/dfc.fr\/en\/wp-json\/wp\/v2\/media?parent=114"}],"wp:term":[{"taxonomy":"cross_cat","embeddable":true,"href":"https:\/\/dfc.fr\/en\/wp-json\/wp\/v2\/cross_cat?post=114"},{"taxonomy":"folder","embeddable":true,"href":"https:\/\/dfc.fr\/en\/wp-json\/wp\/v2\/folder?post=114"}],"curies":[{"name":"wp","href":"https:\/\/api.w.org\/{rel}","templated":true}]}}